{"id":2,"date":"2017-08-18T09:25:02","date_gmt":"2017-08-18T07:25:02","guid":{"rendered":"http:\/\/magnussonentreprenad.se\/?page_id=2"},"modified":"2019-03-28T11:06:26","modified_gmt":"2019-03-28T10:06:26","slug":"exempelsida","status":"publish","type":"page","link":"https:\/\/magnussonentreprenad.se\/","title":{"rendered":"V\u00c4LKOMMEN TILL V\u00c5R HEMSIDA"},"content":{"rendered":"\n<p>Under menyn Fotogalleri kan du botanisera i de uppdrag vi tidigare utf\u00f6rt.  Vi tror att bilderna talar f\u00f6r den ambition vi har att utf\u00f6ra sm\u00e5 och stora jobb p\u00e5 b\u00e4sta s\u00e4tt till allas bel\u00e5tenhet. Varmt v\u00e4lkommen att ta kontakt med oss om du vill anlita oss!<\/p>\n\n\n\n<figure class=\"wp-block-image\"><img loading=\"lazy\" decoding=\"async\" width=\"1024\" height=\"388\" src=\"https:\/\/magnussonentreprenad.se\/wp-content\/uploads\/2019\/03\/Magnusson-Entreprenad-1024x388.png\" alt=\"Magnusson Entreprenad logo\" class=\"wp-image-38\" srcset=\"https:\/\/magnussonentreprenad.se\/wp-content\/uploads\/2019\/03\/Magnusson-Entreprenad-1024x388.png 1024w, https:\/\/magnussonentreprenad.se\/wp-content\/uploads\/2019\/03\/Magnusson-Entreprenad-300x114.png 300w, https:\/\/magnussonentreprenad.se\/wp-content\/uploads\/2019\/03\/Magnusson-Entreprenad-768x291.png 768w, https:\/\/magnussonentreprenad.se\/wp-content\/uploads\/2019\/03\/Magnusson-Entreprenad.png 1085w\" sizes=\"auto, (max-width: 706px) 89vw, (max-width: 767px) 82vw, 740px\" \/><\/figure>\n","protected":false},"excerpt":{"rendered":"<p>Under menyn Fotogalleri kan du botanisera i de uppdrag vi tidigare utf\u00f6rt. Vi tror att bilderna talar f\u00f6r den ambition vi har att utf\u00f6ra sm\u00e5 och stora jobb p\u00e5 b\u00e4sta s\u00e4tt till allas bel\u00e5tenhet. Varmt v\u00e4lkommen att ta kontakt med oss om du vill anlita oss!<\/p>\n","protected":false},"author":1,"featured_media":0,"parent":0,"menu_order":0,"comment_status":"closed","ping_status":"open","template":"","meta":{"ngg_post_thumbnail":0,"footnotes":""},"class_list":["post-2","page","type-page","status-publish","hentry"],"_links":{"self":[{"href":"https:\/\/magnussonentreprenad.se\/index.php?rest_route=\/wp\/v2\/pages\/2","targetHints":{"allow":["GET"]}}],"collection":[{"href":"https:\/\/magnussonentreprenad.se\/index.php?rest_route=\/wp\/v2\/pages"}],"about":[{"href":"https:\/\/magnussonentreprenad.se\/index.php?rest_route=\/wp\/v2\/types\/page"}],"author":[{"embeddable":true,"href":"https:\/\/magnussonentreprenad.se\/index.php?rest_route=\/wp\/v2\/users\/1"}],"replies":[{"embeddable":true,"href":"https:\/\/magnussonentreprenad.se\/index.php?rest_route=%2Fwp%2Fv2%2Fcomments&post=2"}],"version-history":[{"count":13,"href":"https:\/\/magnussonentreprenad.se\/index.php?rest_route=\/wp\/v2\/pages\/2\/revisions"}],"predecessor-version":[{"id":524,"href":"https:\/\/magnussonentreprenad.se\/index.php?rest_route=\/wp\/v2\/pages\/2\/revisions\/524"}],"wp:attachment":[{"href":"https:\/\/magnussonentreprenad.se\/index.php?rest_route=%2Fwp%2Fv2%2Fmedia&parent=2"}],"curies":[{"name":"wp","href":"https:\/\/api.w.org\/{rel}","templated":true}]}}