{"id":24,"date":"2019-03-26T18:33:08","date_gmt":"2019-03-26T17:33:08","guid":{"rendered":"http:\/\/magnussonentreprenad.se\/?page_id=24"},"modified":"2019-03-26T18:40:41","modified_gmt":"2019-03-26T17:40:41","slug":"tjanster","status":"publish","type":"page","link":"https:\/\/magnussonentreprenad.se\/?page_id=24","title":{"rendered":"Tj\u00e4nster"},"content":{"rendered":"\n<p>Jag utf\u00f6r arbeten med min <strong>Volvo EWR150E<\/strong> med <strong>Steelwrist X20 rotortilt<\/strong> och <strong>Scanlaser iXE3<\/strong> f\u00f6rberedd f\u00f6r dubbel GPS med rotorsensor.<\/p>\n\n\n<div>Medf\u00f6ljande utrustning:<\/div>\n<ul>\n<li>Randex 85 vagn<\/li>\n<li>SMP gr\u00e4vskopa<\/li>\n<li>SMP planeringsskopa<\/li>\n<li>SMP kabelskopa<\/li>\n<li>SMP asfaltsk\u00e4rare<\/li>\n<li>SMP tj\u00e4lbrytare<\/li>\n<li>SMP VA skopa<\/li>\n<li>SweepEx sopborste<\/li>\n<li>Gallerskopa Mekosvets<\/li>\n<li>Engcon Gaffelst\u00e4ll hydraulisk spridning<\/li>\n<li>Drivex &nbsp;planeringsskopa bredd 2,7m<\/li>\n<li>Pipskopa<\/li>\n<\/ul>\n\n<div>Jag utf\u00f6r allt fr\u00e5n sm\u00e5 som stora jobb inom gr\u00e4vning och riktar sig mot s\u00e5v\u00e4l stora som sm\u00e5 f\u00f6retag men ocks\u00e5 till privatpersoner. &nbsp;<br><br>Det kan vara arbete vid:<\/div>\n<ul>\n<li>L\u00e4genhetsbyggen<\/li>\n<li>Industribyggen<\/li>\n<li>Idrottsanl\u00e4ggningar<\/li>\n<li>Hustomter<\/li>\n<li>Husgrunder<\/li>\n<li>Anl\u00e4ggning av parker och torg<\/li>\n<li>VA jobb<\/li>\n<li>Bil\/Cykelv\u00e4gar<\/li>\n<\/ul>\n\n\n<p>Jag tycker om och har erfarenhet av att arbeta i arbetslag d\u00e4r man tillsammans utf\u00f6r olika arbeten men jag har \u00e4ven erfarenhet av att sj\u00e4lv utf\u00f6ra arbeten \u00e5t privatpersoner. \u00a0<\/p>\n\n\n\n<p> \/\/ Daniel<\/p>\n","protected":false},"excerpt":{"rendered":"<p>Jag utf\u00f6r arbeten med min Volvo EWR150E med Steelwrist X20 rotortilt och Scanlaser iXE3 f\u00f6rberedd f\u00f6r dubbel GPS med rotorsensor. Medf\u00f6ljande utrustning: Randex 85 vagn SMP gr\u00e4vskopa SMP planeringsskopa SMP kabelskopa SMP asfaltsk\u00e4rare SMP tj\u00e4lbrytare SMP VA skopa SweepEx sopborste Gallerskopa Mekosvets Engcon Gaffelst\u00e4ll hydraulisk spridning Drivex &nbsp;planeringsskopa bredd 2,7m Pipskopa Jag utf\u00f6r allt fr\u00e5n &hellip; <\/p>\n<p class=\"link-more\"><a href=\"https:\/\/magnussonentreprenad.se\/?page_id=24\" class=\"more-link\">Forts\u00e4tt l\u00e4sa<span class=\"screen-reader-text\"> \u201dTj\u00e4nster\u201d<\/span><\/a><\/p>\n","protected":false},"author":1,"featured_media":0,"parent":0,"menu_order":0,"comment_status":"closed","ping_status":"closed","template":"","meta":{"ngg_post_thumbnail":0,"footnotes":""},"class_list":["post-24","page","type-page","status-publish","hentry"],"_links":{"self":[{"href":"https:\/\/magnussonentreprenad.se\/index.php?rest_route=\/wp\/v2\/pages\/24","targetHints":{"allow":["GET"]}}],"collection":[{"href":"https:\/\/magnussonentreprenad.se\/index.php?rest_route=\/wp\/v2\/pages"}],"about":[{"href":"https:\/\/magnussonentreprenad.se\/index.php?rest_route=\/wp\/v2\/types\/page"}],"author":[{"embeddable":true,"href":"https:\/\/magnussonentreprenad.se\/index.php?rest_route=\/wp\/v2\/users\/1"}],"replies":[{"embeddable":true,"href":"https:\/\/magnussonentreprenad.se\/index.php?rest_route=%2Fwp%2Fv2%2Fcomments&post=24"}],"version-history":[{"count":10,"href":"https:\/\/magnussonentreprenad.se\/index.php?rest_route=\/wp\/v2\/pages\/24\/revisions"}],"predecessor-version":[{"id":500,"href":"https:\/\/magnussonentreprenad.se\/index.php?rest_route=\/wp\/v2\/pages\/24\/revisions\/500"}],"wp:attachment":[{"href":"https:\/\/magnussonentreprenad.se\/index.php?rest_route=%2Fwp%2Fv2%2Fmedia&parent=24"}],"curies":[{"name":"wp","href":"https:\/\/api.w.org\/{rel}","templated":true}]}}