{"id":30,"date":"2019-03-26T18:26:46","date_gmt":"2019-03-26T17:26:46","guid":{"rendered":"http:\/\/magnussonentreprenad.se\/?page_id=30"},"modified":"2020-05-25T20:29:03","modified_gmt":"2020-05-25T18:29:03","slug":"om-oss","status":"publish","type":"page","link":"https:\/\/magnussonentreprenad.se\/?page_id=30","title":{"rendered":"Om oss"},"content":{"rendered":"\n<p>Hej!<\/p>\n\n\n\n<figure class=\"wp-block-gallery columns-1 is-cropped wp-block-gallery-1 is-layout-flex wp-block-gallery-is-layout-flex\"><ul class=\"blocks-gallery-grid\"><li class=\"blocks-gallery-item\"><figure><img loading=\"lazy\" decoding=\"async\" width=\"498\" height=\"1024\" src=\"https:\/\/magnussonentreprenad.se\/wp-content\/uploads\/2020\/05\/20200112_121006-498x1024.jpg\" alt=\"\" data-id=\"542\" data-full-url=\"https:\/\/magnussonentreprenad.se\/wp-content\/uploads\/2020\/05\/20200112_121006-scaled.jpg\" data-link=\"https:\/\/magnussonentreprenad.se\/?attachment_id=542\" class=\"wp-image-542\" srcset=\"https:\/\/magnussonentreprenad.se\/wp-content\/uploads\/2020\/05\/20200112_121006-498x1024.jpg 498w, https:\/\/magnussonentreprenad.se\/wp-content\/uploads\/2020\/05\/20200112_121006-146x300.jpg 146w, https:\/\/magnussonentreprenad.se\/wp-content\/uploads\/2020\/05\/20200112_121006-768x1580.jpg 768w, https:\/\/magnussonentreprenad.se\/wp-content\/uploads\/2020\/05\/20200112_121006-747x1536.jpg 747w, https:\/\/magnussonentreprenad.se\/wp-content\/uploads\/2020\/05\/20200112_121006-996x2048.jpg 996w, https:\/\/magnussonentreprenad.se\/wp-content\/uploads\/2020\/05\/20200112_121006-scaled.jpg 1244w\" sizes=\"auto, (max-width: 498px) 100vw, 498px\" \/><\/figure><\/li><\/ul><\/figure>\n\n\n<div>Det \u00e4r jag som \u00e4r Daniel Magnusson. \ud83d\ude42&nbsp;<br>Jag flyttade fr\u00e5n G\u00e4vle till Vejbystrand i augusti 2017, k\u00f6pte en Volvo EW150R och grundade <strong>Magnusson Entreprenad AB<\/strong>.<\/div>\n<div>&nbsp;<\/div>\n<div>Efter 10 \u00e5r i flera sm\u00e5 och stora f\u00f6retag inom bygg- och markentreprenad ville jag bygga upp n\u00e5got eget med den erfarenhet och kompetens jag lyckats skaffat mig.<\/div>\n<div>&nbsp;<\/div>\n<div>Med bygg- och senare maskinutbildning har jag utf\u00f6rt uppdrag \u00e5t eller f\u00f6r Korsn\u00e4s, Lantz Anl\u00e4ggning, Bj mark, Peab, NCC, Skanska m.fl. Jag har jobbat med det mesta inom bygg- och markjobb med&nbsp; allt fr\u00e5n privatpersoner till stora koncerner som uppdragsgivare.<\/div>\n<div>&nbsp;<\/div>\n<div>Min fru Linda, som \u00e4r fr\u00e5n \u00c4ngelholm fr\u00e5n b\u00f6rjan, och jag bor i Vejbystrand med v\u00e5ra tv\u00e5 barn. Jag gillar ishockey och \u00e4r Bryn\u00e4s-supporter. Mitt &#8221;andra lag&#8221; &#8211; R\u00f6gle &#8211; kom in i mitt liv tillsammans med Linda&#8230;<\/div>\n\n\n<hr class=\"wp-block-separator\"\/>\n\n\n\n<hr class=\"wp-block-separator\"\/>\n\n\n\n<figure class=\"wp-block-image is-resized\"><a href=\"https:\/\/www.facebook.com\/Magnusson-Entreprenad-AB-849115025263040\/\"target=\"_blank\" rel=\"noopener noreferrer\"><img loading=\"lazy\" decoding=\"async\" src=\"https:\/\/magnussonentreprenad.se\/wp-content\/uploads\/2019\/03\/FindUsOn-FB_sv-SE-RGB-1233-1024x181.png\" alt=\"\" class=\"wp-image-502\" width=\"185\" height=\"32\" srcset=\"https:\/\/magnussonentreprenad.se\/wp-content\/uploads\/2019\/03\/FindUsOn-FB_sv-SE-RGB-1233-1024x181.png 1024w, https:\/\/magnussonentreprenad.se\/wp-content\/uploads\/2019\/03\/FindUsOn-FB_sv-SE-RGB-1233-300x53.png 300w, https:\/\/magnussonentreprenad.se\/wp-content\/uploads\/2019\/03\/FindUsOn-FB_sv-SE-RGB-1233-768x136.png 768w, https:\/\/magnussonentreprenad.se\/wp-content\/uploads\/2019\/03\/FindUsOn-FB_sv-SE-RGB-1233.png 1233w\" sizes=\"auto, (max-width: 185px) 100vw, 185px\" \/><\/figure>\n\n\n\n<p><\/p>\n","protected":false},"excerpt":{"rendered":"<p>Hej! Det \u00e4r jag som \u00e4r Daniel Magnusson. \ud83d\ude42&nbsp;Jag flyttade fr\u00e5n G\u00e4vle till Vejbystrand i augusti 2017, k\u00f6pte en Volvo EW150R och grundade Magnusson Entreprenad AB. &nbsp; Efter 10 \u00e5r i flera sm\u00e5 och stora f\u00f6retag inom bygg- och markentreprenad ville jag bygga upp n\u00e5got eget med den erfarenhet och kompetens jag lyckats skaffat mig. &hellip; <\/p>\n<p class=\"link-more\"><a href=\"https:\/\/magnussonentreprenad.se\/?page_id=30\" class=\"more-link\">Forts\u00e4tt l\u00e4sa<span class=\"screen-reader-text\"> \u201dOm oss\u201d<\/span><\/a><\/p>\n","protected":false},"author":1,"featured_media":0,"parent":0,"menu_order":0,"comment_status":"closed","ping_status":"closed","template":"","meta":{"ngg_post_thumbnail":0,"footnotes":""},"class_list":["post-30","page","type-page","status-publish","hentry"],"_links":{"self":[{"href":"https:\/\/magnussonentreprenad.se\/index.php?rest_route=\/wp\/v2\/pages\/30","targetHints":{"allow":["GET"]}}],"collection":[{"href":"https:\/\/magnussonentreprenad.se\/index.php?rest_route=\/wp\/v2\/pages"}],"about":[{"href":"https:\/\/magnussonentreprenad.se\/index.php?rest_route=\/wp\/v2\/types\/page"}],"author":[{"embeddable":true,"href":"https:\/\/magnussonentreprenad.se\/index.php?rest_route=\/wp\/v2\/users\/1"}],"replies":[{"embeddable":true,"href":"https:\/\/magnussonentreprenad.se\/index.php?rest_route=%2Fwp%2Fv2%2Fcomments&post=30"}],"version-history":[{"count":15,"href":"https:\/\/magnussonentreprenad.se\/index.php?rest_route=\/wp\/v2\/pages\/30\/revisions"}],"predecessor-version":[{"id":544,"href":"https:\/\/magnussonentreprenad.se\/index.php?rest_route=\/wp\/v2\/pages\/30\/revisions\/544"}],"wp:attachment":[{"href":"https:\/\/magnussonentreprenad.se\/index.php?rest_route=%2Fwp%2Fv2%2Fmedia&parent=30"}],"curies":[{"name":"wp","href":"https:\/\/api.w.org\/{rel}","templated":true}]}}